{"id":729,"date":"2020-08-07T16:23:41","date_gmt":"2020-08-07T16:23:41","guid":{"rendered":"http:\/\/repeople.bigmountain.studio\/?page_id=729"},"modified":"2024-10-16T10:13:54","modified_gmt":"2024-10-16T10:13:54","slug":"manifiesto","status":"publish","type":"page","link":"https:\/\/www.repeople.co\/es\/manifiesto\/","title":{"rendered":"Manifiesto"},"content":{"rendered":"\t\t<div data-elementor-type=\"wp-page\" data-elementor-id=\"729\" class=\"elementor elementor-729\" data-elementor-post-type=\"page\">\n\t\t\t\t\t\t<section class=\"elementor-section elementor-top-section elementor-element elementor-element-8b7c8fd elementor-section-height-min-height elementor-section-boxed elementor-section-height-default elementor-section-items-middle\" data-id=\"8b7c8fd\" data-element_type=\"section\" data-settings=\"{&quot;background_background&quot;:&quot;classic&quot;,&quot;shape_divider_bottom&quot;:&quot;curve&quot;}\">\n\t\t\t\t\t\t\t<div class=\"elementor-background-overlay\"><\/div>\n\t\t\t\t\t\t<div class=\"elementor-shape elementor-shape-bottom\" data-negative=\"false\">\n\t\t\t<svg xmlns=\"http:\/\/www.w3.org\/2000\/svg\" viewBox=\"0 0 1000 100\" preserveAspectRatio=\"none\">\n    <path class=\"elementor-shape-fill\" d=\"M1000,4.3V0H0v4.3C0.9,23.1,126.7,99.2,500,100S1000,22.7,1000,4.3z\"\/>\n<\/svg>\t\t<\/div>\n\t\t\t\t\t<div class=\"elementor-container elementor-column-gap-default\">\n\t\t\t\t\t<div class=\"elementor-column elementor-col-100 elementor-top-column elementor-element elementor-element-7c13e05\" data-id=\"7c13e05\" data-element_type=\"column\">\n\t\t\t<div class=\"elementor-widget-wrap elementor-element-populated\">\n\t\t\t\t\t\t<div class=\"elementor-element elementor-element-142c4ee elementor-invisible elementor-widget elementor-widget-heading\" data-id=\"142c4ee\" data-element_type=\"widget\" data-settings=\"{&quot;_animation&quot;:&quot;fadeIn&quot;}\" data-widget_type=\"heading.default\">\n\t\t\t\t<div class=\"elementor-widget-container\">\n\t\t\t\t\t<h1 class=\"elementor-heading-title elementor-size-default\">Manifiesto<\/h1>\t\t\t\t<\/div>\n\t\t\t\t<\/div>\n\t\t\t\t\t<\/div>\n\t\t<\/div>\n\t\t\t\t\t<\/div>\n\t\t<\/section>\n\t\t\t\t<section class=\"elementor-section elementor-top-section elementor-element elementor-element-5d443d2 elementor-section-boxed elementor-section-height-default elementor-section-height-default\" data-id=\"5d443d2\" data-element_type=\"section\">\n\t\t\t\t\t\t<div class=\"elementor-container elementor-column-gap-default\">\n\t\t\t\t\t<div class=\"elementor-column elementor-col-100 elementor-top-column elementor-element elementor-element-0931540\" data-id=\"0931540\" data-element_type=\"column\">\n\t\t\t<div class=\"elementor-widget-wrap elementor-element-populated\">\n\t\t\t\t\t\t<div class=\"elementor-element elementor-element-4f84d8f elementor-widget elementor-widget-text-editor\" data-id=\"4f84d8f\" data-element_type=\"widget\" data-widget_type=\"text-editor.default\">\n\t\t\t\t<div class=\"elementor-widget-container\">\n\t\t\t\t\t\t\t\t\t<h2><b>repeople<\/b><\/h2><p>(ri\u02d0\u02c8pi\u02d0p\u0259l) VERBO (transitivo)<br \/>repoblar: Poblar un lugar abandonado, voluntariamente o a la fuerza, por sus anteriores habitantes.<\/p><h2><b style=\"color: inherit; font-family: inherit; font-size: 1.75rem;\">El problema<\/b><\/h2><p>Durante la revoluci\u00f3n industrial en el siglo XVII se produjeron grandes migraciones de poblaci\u00f3n del campo a las ciudades en busca de trabajo. La poblaci\u00f3n lleg\u00f3 a las zonas urbanas en busca de trabajo para poder ganar m\u00e1s dinero y mejorar su calidad de vida.<\/p><p>Desgraciadamente tres siglos m\u00e1s tarde seguimos arrastrando muchos de los efectos negativos de esta revoluci\u00f3n, como son la sobre-poblaci\u00f3n de las ciudades, las malas condiciones de vida, los largos viajes para ir a la oficina, la gentrificaci\u00f3n ,el tr\u00e1fico y la poluci\u00f3n, que acaban generando una mala calidad de vida para muchas personas en todo el mundo.<\/p><p>Si se te da bien el ingl\u00e9s, no te pierdas <a href=\"https:\/\/www.youtube.com\/watch?v=MxDVucUZCnc\">este v\u00eddeo de The Economist<\/a> sobre el impacto del teletrabajo en las econom\u00edas.<\/p><h2 style=\"font-family: 'Nunito Sans', sans-serif; color: #001846;\"><span style=\"font-weight: bold;\">Nuestro por qu\u00e9<\/span><\/h2><p>Estamos convencidos del impacto positivo que genera el trabajo flexible en nuestra sociedad. Nuestra misi\u00f3n es repoblar las comunidades que han sufrido de p\u00e9rdida de talento durante d\u00e9cadas debido a la falta de oportunidades laborales. Tambi\u00e9n creemos que nuestra sociedad debe ser distribuida de manera m\u00e1s equitativa, sin que la ubicaci\u00f3n geogr\u00e1fica, la raza, el g\u00e9nero o el estatus social sean una limitaci\u00f3n para que cualquier persona pueda alcanzar oportunidades acordes con su talento y prop\u00f3sito en su vida.<\/p><p>Somos conscientes de que es un reto may\u00fasculo, pero estamos listos para abordarlo paso a paso.<\/p><p>Nuestro primer objetivo es repoblar las Islas Canarias con muchos de los talentos que hemos perdido durante d\u00e9cadas, reteniendo al joven talento emergente gracias a la generaci\u00f3n de nuevas oportunidades y generando una atracci\u00f3n de talento internacional a las islas que nos permitan construir un ecosistema pr\u00f3spero.<\/p><h2 style=\"font-family: 'Nunito Sans', sans-serif; color: #001846;\"><span style=\"font-weight: bold;\">\u00danete a nosotros<\/span><\/h2><div><p>Si te sientes alineado con nuestra misi\u00f3n, \u00fanete a nosotros y convi\u00e9rtete en un miembro activo de nuestra <a href=\"https:\/\/www.repeople.co\/es\/comunidad\/\">comunidad virtual<\/a> donde conectamos a los defensores del teletrabajo a nivel mundial e impulsando el futuro del trabajo flexible. Puedes unirte tambi\u00e9n a nuestra <a href=\"https:\/\/www.repeople.co\/es\/conferencia\/\">conferencia anual<\/a> y otros eventos que llevamos a cabo durante todo el a\u00f1o.\u00a0<\/p><p>Si deseas impulsar un cambio socioecon\u00f3mico en tu comunidad local o deseas aprender c\u00f3mo beneficiarte del teletrabajo en tu empresa, consulta c\u00f3mo podemos comenzar a <a href=\"https:\/\/www.repeople.co\/es\/colaboracion\/\">colaborar juntos<\/a>.<\/p><\/div><div>\u00a0<\/div>\t\t\t\t\t\t\t\t<\/div>\n\t\t\t\t<\/div>\n\t\t\t\t\t<\/div>\n\t\t<\/div>\n\t\t\t\t\t<\/div>\n\t\t<\/section>\n\t\t\t\t<section class=\"elementor-section elementor-top-section elementor-element elementor-element-00d91ea elementor-section-boxed elementor-section-height-default elementor-section-height-default\" data-id=\"00d91ea\" data-element_type=\"section\">\n\t\t\t\t\t\t<div class=\"elementor-container elementor-column-gap-default\">\n\t\t\t\t\t<div class=\"elementor-column elementor-col-100 elementor-top-column elementor-element elementor-element-fc90713\" data-id=\"fc90713\" data-element_type=\"column\">\n\t\t\t<div class=\"elementor-widget-wrap elementor-element-populated\">\n\t\t\t\t\t\t\t<\/div>\n\t\t<\/div>\n\t\t\t\t\t<\/div>\n\t\t<\/section>\n\t\t\t\t<\/div>\n\t\t","protected":false},"excerpt":{"rendered":"<p>Manifiesto repeople (ri\u02d0\u02c8pi\u02d0p\u0259l) VERBO (transitivo)repoblar: Poblar un lugar abandonado, voluntariamente o a la fuerza, por sus anteriores habitantes. El problema Durante la revoluci\u00f3n industrial en el siglo XVII se produjeron grandes migraciones de poblaci\u00f3n del campo a las ciudades en busca de trabajo. La poblaci\u00f3n lleg\u00f3 a las zonas urbanas en busca de trabajo para [&hellip;]<\/p>\n","protected":false},"author":1,"featured_media":1628,"parent":0,"menu_order":0,"comment_status":"closed","ping_status":"closed","template":"","meta":{"_acf_changed":false,"footnotes":""},"class_list":["post-729","page","type-page","status-publish","has-post-thumbnail","hentry"],"acf":[],"yoast_head":"<!-- This site is optimized with the Yoast SEO plugin v24.8.1 - https:\/\/yoast.com\/wordpress\/plugins\/seo\/ -->\n<title>Manifiesto - repeople<\/title>\n<meta name=\"robots\" content=\"index, follow, max-snippet:-1, max-image-preview:large, max-video-preview:-1\" \/>\n<link rel=\"canonical\" href=\"https:\/\/www.repeople.co\/es\/manifiesto\/\" \/>\n<meta property=\"og:locale\" content=\"es_ES\" \/>\n<meta property=\"og:type\" content=\"article\" \/>\n<meta property=\"og:title\" content=\"Manifiesto - repeople\" \/>\n<meta property=\"og:description\" content=\"Manifiesto repeople (ri\u02d0\u02c8pi\u02d0p\u0259l) VERBO (transitivo)repoblar: Poblar un lugar abandonado, voluntariamente o a la fuerza, por sus anteriores habitantes. El problema Durante la revoluci\u00f3n industrial en el siglo XVII se produjeron grandes migraciones de poblaci\u00f3n del campo a las ciudades en busca de trabajo. La poblaci\u00f3n lleg\u00f3 a las zonas urbanas en busca de trabajo para [&hellip;]\" \/>\n<meta property=\"og:url\" content=\"https:\/\/www.repeople.co\/es\/manifiesto\/\" \/>\n<meta property=\"og:site_name\" content=\"repeople\" \/>\n<meta property=\"article:publisher\" content=\"https:\/\/www.facebook.com\/rePeople.co\/\" \/>\n<meta property=\"article:modified_time\" content=\"2024-10-16T10:13:54+00:00\" \/>\n<meta property=\"og:image\" content=\"https:\/\/www.repeople.co\/wp-content\/uploads\/2020\/08\/Manifiesto-ES.jpg\" \/>\n\t<meta property=\"og:image:width\" content=\"2400\" \/>\n\t<meta property=\"og:image:height\" content=\"1600\" \/>\n\t<meta property=\"og:image:type\" content=\"image\/jpeg\" \/>\n<meta name=\"twitter:card\" content=\"summary_large_image\" \/>\n<meta name=\"twitter:site\" content=\"@repeopleco\" \/>\n<meta name=\"twitter:label1\" content=\"Tiempo de lectura\" \/>\n\t<meta name=\"twitter:data1\" content=\"3 minutos\" \/>\n<script type=\"application\/ld+json\" class=\"yoast-schema-graph\">{\"@context\":\"https:\/\/schema.org\",\"@graph\":[{\"@type\":\"WebPage\",\"@id\":\"https:\/\/www.repeople.co\/es\/manifiesto\/\",\"url\":\"https:\/\/www.repeople.co\/es\/manifiesto\/\",\"name\":\"Manifiesto - repeople\",\"isPartOf\":{\"@id\":\"https:\/\/www.repeople.co\/es\/en\/#website\"},\"primaryImageOfPage\":{\"@id\":\"https:\/\/www.repeople.co\/es\/manifiesto\/#primaryimage\"},\"image\":{\"@id\":\"https:\/\/www.repeople.co\/es\/manifiesto\/#primaryimage\"},\"thumbnailUrl\":\"https:\/\/www.repeople.co\/wp-content\/uploads\/2020\/08\/Manifiesto-ES.jpg\",\"datePublished\":\"2020-08-07T16:23:41+00:00\",\"dateModified\":\"2024-10-16T10:13:54+00:00\",\"breadcrumb\":{\"@id\":\"https:\/\/www.repeople.co\/es\/manifiesto\/#breadcrumb\"},\"inLanguage\":\"es\",\"potentialAction\":[{\"@type\":\"ReadAction\",\"target\":[\"https:\/\/www.repeople.co\/es\/manifiesto\/\"]}]},{\"@type\":\"ImageObject\",\"inLanguage\":\"es\",\"@id\":\"https:\/\/www.repeople.co\/es\/manifiesto\/#primaryimage\",\"url\":\"https:\/\/www.repeople.co\/wp-content\/uploads\/2020\/08\/Manifiesto-ES.jpg\",\"contentUrl\":\"https:\/\/www.repeople.co\/wp-content\/uploads\/2020\/08\/Manifiesto-ES.jpg\",\"width\":2400,\"height\":1600},{\"@type\":\"BreadcrumbList\",\"@id\":\"https:\/\/www.repeople.co\/es\/manifiesto\/#breadcrumb\",\"itemListElement\":[{\"@type\":\"ListItem\",\"position\":1,\"name\":\"Portada\",\"item\":\"https:\/\/www.repeople.co\/es\/\"},{\"@type\":\"ListItem\",\"position\":2,\"name\":\"Manifiesto\"}]},{\"@type\":\"WebSite\",\"@id\":\"https:\/\/www.repeople.co\/es\/en\/#website\",\"url\":\"https:\/\/www.repeople.co\/es\/en\/\",\"name\":\"repeople\",\"description\":\"Dise\u00f1ando ecosistemas para teletrabajadores\",\"publisher\":{\"@id\":\"https:\/\/www.repeople.co\/es\/en\/#organization\"},\"alternateName\":\"repeople\",\"potentialAction\":[{\"@type\":\"SearchAction\",\"target\":{\"@type\":\"EntryPoint\",\"urlTemplate\":\"https:\/\/www.repeople.co\/es\/en\/?s={search_term_string}\"},\"query-input\":{\"@type\":\"PropertyValueSpecification\",\"valueRequired\":true,\"valueName\":\"search_term_string\"}}],\"inLanguage\":\"es\"},{\"@type\":\"Organization\",\"@id\":\"https:\/\/www.repeople.co\/es\/en\/#organization\",\"name\":\"repeople\",\"alternateName\":\"repeople\",\"url\":\"https:\/\/www.repeople.co\/es\/en\/\",\"logo\":{\"@type\":\"ImageObject\",\"inLanguage\":\"es\",\"@id\":\"https:\/\/www.repeople.co\/es\/en\/#\/schema\/logo\/image\/\",\"url\":\"https:\/\/www.repeople.co\/wp-content\/uploads\/2020\/08\/repeople-logo-2.png\",\"contentUrl\":\"https:\/\/www.repeople.co\/wp-content\/uploads\/2020\/08\/repeople-logo-2.png\",\"width\":762,\"height\":220,\"caption\":\"repeople\"},\"image\":{\"@id\":\"https:\/\/www.repeople.co\/es\/en\/#\/schema\/logo\/image\/\"},\"sameAs\":[\"https:\/\/www.facebook.com\/rePeople.co\/\",\"https:\/\/x.com\/repeopleco\",\"https:\/\/www.instagram.com\/repeopleco\/\",\"https:\/\/www.linkedin.com\/company\/repeopleco\"]}]}<\/script>\n<!-- \/ Yoast SEO plugin. -->","yoast_head_json":{"title":"Manifiesto - repeople","robots":{"index":"index","follow":"follow","max-snippet":"max-snippet:-1","max-image-preview":"max-image-preview:large","max-video-preview":"max-video-preview:-1"},"canonical":"https:\/\/www.repeople.co\/es\/manifiesto\/","og_locale":"es_ES","og_type":"article","og_title":"Manifiesto - repeople","og_description":"Manifiesto repeople (ri\u02d0\u02c8pi\u02d0p\u0259l) VERBO (transitivo)repoblar: Poblar un lugar abandonado, voluntariamente o a la fuerza, por sus anteriores habitantes. El problema Durante la revoluci\u00f3n industrial en el siglo XVII se produjeron grandes migraciones de poblaci\u00f3n del campo a las ciudades en busca de trabajo. La poblaci\u00f3n lleg\u00f3 a las zonas urbanas en busca de trabajo para [&hellip;]","og_url":"https:\/\/www.repeople.co\/es\/manifiesto\/","og_site_name":"repeople","article_publisher":"https:\/\/www.facebook.com\/rePeople.co\/","article_modified_time":"2024-10-16T10:13:54+00:00","og_image":[{"width":2400,"height":1600,"url":"https:\/\/www.repeople.co\/wp-content\/uploads\/2020\/08\/Manifiesto-ES.jpg","type":"image\/jpeg"}],"twitter_card":"summary_large_image","twitter_site":"@repeopleco","twitter_misc":{"Tiempo de lectura":"3 minutos"},"schema":{"@context":"https:\/\/schema.org","@graph":[{"@type":"WebPage","@id":"https:\/\/www.repeople.co\/es\/manifiesto\/","url":"https:\/\/www.repeople.co\/es\/manifiesto\/","name":"Manifiesto - repeople","isPartOf":{"@id":"https:\/\/www.repeople.co\/es\/en\/#website"},"primaryImageOfPage":{"@id":"https:\/\/www.repeople.co\/es\/manifiesto\/#primaryimage"},"image":{"@id":"https:\/\/www.repeople.co\/es\/manifiesto\/#primaryimage"},"thumbnailUrl":"https:\/\/www.repeople.co\/wp-content\/uploads\/2020\/08\/Manifiesto-ES.jpg","datePublished":"2020-08-07T16:23:41+00:00","dateModified":"2024-10-16T10:13:54+00:00","breadcrumb":{"@id":"https:\/\/www.repeople.co\/es\/manifiesto\/#breadcrumb"},"inLanguage":"es","potentialAction":[{"@type":"ReadAction","target":["https:\/\/www.repeople.co\/es\/manifiesto\/"]}]},{"@type":"ImageObject","inLanguage":"es","@id":"https:\/\/www.repeople.co\/es\/manifiesto\/#primaryimage","url":"https:\/\/www.repeople.co\/wp-content\/uploads\/2020\/08\/Manifiesto-ES.jpg","contentUrl":"https:\/\/www.repeople.co\/wp-content\/uploads\/2020\/08\/Manifiesto-ES.jpg","width":2400,"height":1600},{"@type":"BreadcrumbList","@id":"https:\/\/www.repeople.co\/es\/manifiesto\/#breadcrumb","itemListElement":[{"@type":"ListItem","position":1,"name":"Portada","item":"https:\/\/www.repeople.co\/es\/"},{"@type":"ListItem","position":2,"name":"Manifiesto"}]},{"@type":"WebSite","@id":"https:\/\/www.repeople.co\/es\/en\/#website","url":"https:\/\/www.repeople.co\/es\/en\/","name":"repeople","description":"Dise\u00f1ando ecosistemas para teletrabajadores","publisher":{"@id":"https:\/\/www.repeople.co\/es\/en\/#organization"},"alternateName":"repeople","potentialAction":[{"@type":"SearchAction","target":{"@type":"EntryPoint","urlTemplate":"https:\/\/www.repeople.co\/es\/en\/?s={search_term_string}"},"query-input":{"@type":"PropertyValueSpecification","valueRequired":true,"valueName":"search_term_string"}}],"inLanguage":"es"},{"@type":"Organization","@id":"https:\/\/www.repeople.co\/es\/en\/#organization","name":"repeople","alternateName":"repeople","url":"https:\/\/www.repeople.co\/es\/en\/","logo":{"@type":"ImageObject","inLanguage":"es","@id":"https:\/\/www.repeople.co\/es\/en\/#\/schema\/logo\/image\/","url":"https:\/\/www.repeople.co\/wp-content\/uploads\/2020\/08\/repeople-logo-2.png","contentUrl":"https:\/\/www.repeople.co\/wp-content\/uploads\/2020\/08\/repeople-logo-2.png","width":762,"height":220,"caption":"repeople"},"image":{"@id":"https:\/\/www.repeople.co\/es\/en\/#\/schema\/logo\/image\/"},"sameAs":["https:\/\/www.facebook.com\/rePeople.co\/","https:\/\/x.com\/repeopleco","https:\/\/www.instagram.com\/repeopleco\/","https:\/\/www.linkedin.com\/company\/repeopleco"]}]}},"_links":{"self":[{"href":"https:\/\/www.repeople.co\/es\/wp-json\/wp\/v2\/pages\/729","targetHints":{"allow":["GET"]}}],"collection":[{"href":"https:\/\/www.repeople.co\/es\/wp-json\/wp\/v2\/pages"}],"about":[{"href":"https:\/\/www.repeople.co\/es\/wp-json\/wp\/v2\/types\/page"}],"author":[{"embeddable":true,"href":"https:\/\/www.repeople.co\/es\/wp-json\/wp\/v2\/users\/1"}],"replies":[{"embeddable":true,"href":"https:\/\/www.repeople.co\/es\/wp-json\/wp\/v2\/comments?post=729"}],"version-history":[{"count":8,"href":"https:\/\/www.repeople.co\/es\/wp-json\/wp\/v2\/pages\/729\/revisions"}],"predecessor-version":[{"id":14197,"href":"https:\/\/www.repeople.co\/es\/wp-json\/wp\/v2\/pages\/729\/revisions\/14197"}],"wp:featuredmedia":[{"embeddable":true,"href":"https:\/\/www.repeople.co\/es\/wp-json\/wp\/v2\/media\/1628"}],"wp:attachment":[{"href":"https:\/\/www.repeople.co\/es\/wp-json\/wp\/v2\/media?parent=729"}],"curies":[{"name":"wp","href":"https:\/\/api.w.org\/{rel}","templated":true}]}}