{"id":949,"date":"2020-08-08T23:43:17","date_gmt":"2020-08-08T23:43:17","guid":{"rendered":"http:\/\/repeople.bigmountain.studio\/?page_id=949"},"modified":"2024-10-16T14:35:21","modified_gmt":"2024-10-16T14:35:21","slug":"sponsors-privado","status":"publish","type":"page","link":"https:\/\/www.repeople.co\/es\/sponsors-privado\/","title":{"rendered":"Sponsors Privado"},"content":{"rendered":"\t\t<div data-elementor-type=\"wp-page\" data-elementor-id=\"949\" class=\"elementor elementor-949\" data-elementor-post-type=\"page\">\n\t\t\t\t\t\t<section class=\"elementor-section elementor-top-section elementor-element elementor-element-8b7c8fd elementor-section-height-min-height elementor-section-boxed elementor-section-height-default elementor-section-items-middle\" data-id=\"8b7c8fd\" data-element_type=\"section\" data-settings=\"{&quot;background_background&quot;:&quot;classic&quot;,&quot;shape_divider_bottom&quot;:&quot;curve&quot;}\">\n\t\t\t\t\t\t\t<div class=\"elementor-background-overlay\"><\/div>\n\t\t\t\t\t\t<div class=\"elementor-shape elementor-shape-bottom\" data-negative=\"false\">\n\t\t\t<svg xmlns=\"http:\/\/www.w3.org\/2000\/svg\" viewBox=\"0 0 1000 100\" preserveAspectRatio=\"none\">\n    <path class=\"elementor-shape-fill\" d=\"M1000,4.3V0H0v4.3C0.9,23.1,126.7,99.2,500,100S1000,22.7,1000,4.3z\"\/>\n<\/svg>\t\t<\/div>\n\t\t\t\t\t<div class=\"elementor-container elementor-column-gap-default\">\n\t\t\t\t\t<div class=\"elementor-column elementor-col-100 elementor-top-column elementor-element elementor-element-7c13e05\" data-id=\"7c13e05\" data-element_type=\"column\">\n\t\t\t<div class=\"elementor-widget-wrap elementor-element-populated\">\n\t\t\t\t\t\t<div class=\"elementor-element elementor-element-142c4ee elementor-invisible elementor-widget elementor-widget-heading\" data-id=\"142c4ee\" data-element_type=\"widget\" data-settings=\"{&quot;_animation&quot;:&quot;fadeIn&quot;}\" data-widget_type=\"heading.default\">\n\t\t\t\t<div class=\"elementor-widget-container\">\n\t\t\t\t\t<h1 class=\"elementor-heading-title elementor-size-default\">Informaci\u00f3n para Sponsors<\/h1>\t\t\t\t<\/div>\n\t\t\t\t<\/div>\n\t\t\t\t\t<\/div>\n\t\t<\/div>\n\t\t\t\t\t<\/div>\n\t\t<\/section>\n\t\t\t\t<section class=\"elementor-section elementor-top-section elementor-element elementor-element-5d443d2 elementor-section-boxed elementor-section-height-default elementor-section-height-default\" data-id=\"5d443d2\" data-element_type=\"section\">\n\t\t\t\t\t\t<div class=\"elementor-container elementor-column-gap-default\">\n\t\t\t\t\t<div class=\"elementor-column elementor-col-100 elementor-top-column elementor-element elementor-element-0931540\" data-id=\"0931540\" data-element_type=\"column\">\n\t\t\t<div class=\"elementor-widget-wrap elementor-element-populated\">\n\t\t\t\t\t\t<div class=\"elementor-element elementor-element-4f84d8f elementor-widget elementor-widget-text-editor\" data-id=\"4f84d8f\" data-element_type=\"widget\" data-widget_type=\"text-editor.default\">\n\t\t\t\t<div class=\"elementor-widget-container\">\n\t\t\t\t\t\t\t\t\t<h2><b style=\"color: inherit; font-family: inherit; font-size: 1.75rem;\">\u00bfPor qu\u00e9 hacerte Sponsor?<\/b><\/h2><div><p>Fundada en el a\u00f1o 2016,\u00a0 <b>repeople<\/b> es una organizaci\u00f3n que promueve las ventajas socio-econ\u00f3micas del teletrabajo. Actuamos <b>glocalmente<\/b> , nutriendo una comunidad internacional de expertos , profesionales , empresas e instituciones.\u00a0<\/p><p>Nuestra conferencia anual atrae a las Islas Canarias a m\u00e1s de 300 asistentes de m\u00e1s de 30 pa\u00edses. M\u00e1s de 600 profesionales forman parte de la red de remote afterworks, que se han dado cita en ciudades como Londres, Nueva York, San Francisco, Berl\u00edn o Madrid.\u00a0<\/p><p>En el 2020 ampliamos nuestro foco para convertirnos en el punto de encuentro de la industria del teletrabajo, co-liderando una iniciativa para conectar a startups del sector con las empresas l\u00edderes y con inversores.\u00a0<\/p><p>Si compartes nuestros valores y te gustar\u00eda formar parte activa de esta iniciativa, incrementando la visibilidad de tu marca y teniendo acceso a nuestra comunidad internacional, \u00fanete al grupo de l\u00edderes del movimiento de trabajo distribuido.\u00a0<\/p><\/div><div>\u00a0<\/div><h2><b>Media Folder<\/b><\/h2><div><p>Encuentra todo sobre nuestros logos etc. <a href=\"http:\/\/google.com\">aqu\u00ed<\/a>.<b><br \/><\/b><\/p><h2 style=\"font-family: 'Nunito Sans', sans-serif; color: #001846;\"><b>Hazte Sponsor<\/b><\/h2><div>Rellena el siguiente formulario o ponte en <a href=\"https:\/\/www.repeople.co\/es\/contacto\/\">contacto<\/a> con nosotros.<\/div><\/div>\t\t\t\t\t\t\t\t<\/div>\n\t\t\t\t<\/div>\n\t\t\t\t<div class=\"elementor-element elementor-element-8920827 elementor-widget elementor-widget-html\" data-id=\"8920827\" data-element_type=\"widget\" data-widget_type=\"html.default\">\n\t\t\t\t<div class=\"elementor-widget-container\">\n\t\t\t\t\t<div class=\"typeform-widget\" data-url=\"https:\/\/form.typeform.com\/to\/aQyZz3gV\" style=\"width: 100%; height: 500px;\"><\/div> <script> (function() { var qs,js,q,s,d=document, gi=d.getElementById, ce=d.createElement, gt=d.getElementsByTagName, id=\"typef_orm\", b=\"https:\/\/embed.typeform.com\/\"; if(!gi.call(d,id)) { js=ce.call(d,\"script\"); js.id=id; js.src=b+\"embed.js\"; q=gt.call(d,\"script\")[0]; q.parentNode.insertBefore(js,q) } })() <\/script> <div style=\"font-family: Sans-Serif;font-size: 12px;color: #999;opacity: 0.5; padding-top: 5px;\"> powered by <a href=\"https:\/\/admin.typeform.com\/signup?utm_campaign=aQyZz3gV&utm_source=typeform.com-01D8JT0Q1DDJ8H7W39GESNKZT4-free&utm_medium=typeform&utm_content=typeform-embedded-poweredbytypeform&utm_term=EN\" style=\"color: #999\" target=\"_blank\">Typeform<\/a> <\/div>\n\n\t\t\t\t<\/div>\n\t\t\t\t<\/div>\n\t\t\t\t\t<\/div>\n\t\t<\/div>\n\t\t\t\t\t<\/div>\n\t\t<\/section>\n\t\t\t\t<section class=\"elementor-section elementor-top-section elementor-element elementor-element-00d91ea elementor-section-boxed elementor-section-height-default elementor-section-height-default\" data-id=\"00d91ea\" data-element_type=\"section\">\n\t\t\t\t\t\t<div class=\"elementor-container elementor-column-gap-default\">\n\t\t\t\t\t<div class=\"elementor-column elementor-col-100 elementor-top-column elementor-element elementor-element-fc90713\" data-id=\"fc90713\" data-element_type=\"column\">\n\t\t\t<div class=\"elementor-widget-wrap elementor-element-populated\">\n\t\t\t\t\t\t\t<\/div>\n\t\t<\/div>\n\t\t\t\t\t<\/div>\n\t\t<\/section>\n\t\t\t\t<\/div>\n\t\t","protected":false},"excerpt":{"rendered":"<p>Informaci\u00f3n para Sponsors \u00bfPor qu\u00e9 hacerte Sponsor? Fundada en el a\u00f1o 2016,\u00a0 repeople es una organizaci\u00f3n que promueve las ventajas socio-econ\u00f3micas del teletrabajo. Actuamos glocalmente , nutriendo una comunidad internacional de expertos , profesionales , empresas e instituciones.\u00a0 Nuestra conferencia anual atrae a las Islas Canarias a m\u00e1s de 300 asistentes de m\u00e1s de 30 [&hellip;]<\/p>\n","protected":false},"author":2,"featured_media":0,"parent":0,"menu_order":0,"comment_status":"closed","ping_status":"closed","template":"","meta":{"_acf_changed":false,"footnotes":""},"class_list":["post-949","page","type-page","status-publish","hentry"],"acf":[],"yoast_head":"<!-- This site is optimized with the Yoast SEO plugin v24.8.1 - https:\/\/yoast.com\/wordpress\/plugins\/seo\/ -->\n<title>Sponsors Privado - repeople<\/title>\n<meta name=\"description\" content=\"Repeople es una organizaci\u00f3n que promueve las ventajas socio-econ\u00f3micas del teletrabajo. \u00a1Convi\u00e9rtete en Sponsor aqu\u00ed!\" \/>\n<meta name=\"robots\" content=\"index, follow, max-snippet:-1, max-image-preview:large, max-video-preview:-1\" \/>\n<link rel=\"canonical\" href=\"https:\/\/www.repeople.co\/es\/sponsors-privado\/\" \/>\n<meta property=\"og:locale\" content=\"es_ES\" \/>\n<meta property=\"og:type\" content=\"article\" \/>\n<meta property=\"og:title\" content=\"Sponsors Privado - repeople\" \/>\n<meta property=\"og:description\" content=\"Repeople es una organizaci\u00f3n que promueve las ventajas socio-econ\u00f3micas del teletrabajo. \u00a1Convi\u00e9rtete en Sponsor aqu\u00ed!\" \/>\n<meta property=\"og:url\" content=\"https:\/\/www.repeople.co\/es\/sponsors-privado\/\" \/>\n<meta property=\"og:site_name\" content=\"repeople\" \/>\n<meta property=\"article:publisher\" content=\"https:\/\/www.facebook.com\/rePeople.co\/\" \/>\n<meta property=\"article:modified_time\" content=\"2024-10-16T14:35:21+00:00\" \/>\n<meta name=\"twitter:card\" content=\"summary_large_image\" \/>\n<meta name=\"twitter:site\" content=\"@repeopleco\" \/>\n<meta name=\"twitter:label1\" content=\"Tiempo de lectura\" \/>\n\t<meta name=\"twitter:data1\" content=\"2 minutos\" \/>\n<script type=\"application\/ld+json\" class=\"yoast-schema-graph\">{\"@context\":\"https:\/\/schema.org\",\"@graph\":[{\"@type\":\"WebPage\",\"@id\":\"https:\/\/www.repeople.co\/es\/sponsors-privado\/\",\"url\":\"https:\/\/www.repeople.co\/es\/sponsors-privado\/\",\"name\":\"Sponsors Privado - repeople\",\"isPartOf\":{\"@id\":\"https:\/\/www.repeople.co\/es\/en\/#website\"},\"datePublished\":\"2020-08-08T23:43:17+00:00\",\"dateModified\":\"2024-10-16T14:35:21+00:00\",\"description\":\"Repeople es una organizaci\u00f3n que promueve las ventajas socio-econ\u00f3micas del teletrabajo. \u00a1Convi\u00e9rtete en Sponsor aqu\u00ed!\",\"breadcrumb\":{\"@id\":\"https:\/\/www.repeople.co\/es\/sponsors-privado\/#breadcrumb\"},\"inLanguage\":\"es\",\"potentialAction\":[{\"@type\":\"ReadAction\",\"target\":[\"https:\/\/www.repeople.co\/es\/sponsors-privado\/\"]}]},{\"@type\":\"BreadcrumbList\",\"@id\":\"https:\/\/www.repeople.co\/es\/sponsors-privado\/#breadcrumb\",\"itemListElement\":[{\"@type\":\"ListItem\",\"position\":1,\"name\":\"Portada\",\"item\":\"https:\/\/www.repeople.co\/es\/\"},{\"@type\":\"ListItem\",\"position\":2,\"name\":\"Sponsors Privado\"}]},{\"@type\":\"WebSite\",\"@id\":\"https:\/\/www.repeople.co\/es\/en\/#website\",\"url\":\"https:\/\/www.repeople.co\/es\/en\/\",\"name\":\"repeople\",\"description\":\"Dise\u00f1ando ecosistemas para teletrabajadores\",\"publisher\":{\"@id\":\"https:\/\/www.repeople.co\/es\/en\/#organization\"},\"alternateName\":\"repeople\",\"potentialAction\":[{\"@type\":\"SearchAction\",\"target\":{\"@type\":\"EntryPoint\",\"urlTemplate\":\"https:\/\/www.repeople.co\/es\/en\/?s={search_term_string}\"},\"query-input\":{\"@type\":\"PropertyValueSpecification\",\"valueRequired\":true,\"valueName\":\"search_term_string\"}}],\"inLanguage\":\"es\"},{\"@type\":\"Organization\",\"@id\":\"https:\/\/www.repeople.co\/es\/en\/#organization\",\"name\":\"repeople\",\"alternateName\":\"repeople\",\"url\":\"https:\/\/www.repeople.co\/es\/en\/\",\"logo\":{\"@type\":\"ImageObject\",\"inLanguage\":\"es\",\"@id\":\"https:\/\/www.repeople.co\/es\/en\/#\/schema\/logo\/image\/\",\"url\":\"https:\/\/www.repeople.co\/wp-content\/uploads\/2020\/08\/repeople-logo-2.png\",\"contentUrl\":\"https:\/\/www.repeople.co\/wp-content\/uploads\/2020\/08\/repeople-logo-2.png\",\"width\":762,\"height\":220,\"caption\":\"repeople\"},\"image\":{\"@id\":\"https:\/\/www.repeople.co\/es\/en\/#\/schema\/logo\/image\/\"},\"sameAs\":[\"https:\/\/www.facebook.com\/rePeople.co\/\",\"https:\/\/x.com\/repeopleco\",\"https:\/\/www.instagram.com\/repeopleco\/\",\"https:\/\/www.linkedin.com\/company\/repeopleco\"]}]}<\/script>\n<!-- \/ Yoast SEO plugin. -->","yoast_head_json":{"title":"Sponsors Privado - repeople","description":"Repeople es una organizaci\u00f3n que promueve las ventajas socio-econ\u00f3micas del teletrabajo. \u00a1Convi\u00e9rtete en Sponsor aqu\u00ed!","robots":{"index":"index","follow":"follow","max-snippet":"max-snippet:-1","max-image-preview":"max-image-preview:large","max-video-preview":"max-video-preview:-1"},"canonical":"https:\/\/www.repeople.co\/es\/sponsors-privado\/","og_locale":"es_ES","og_type":"article","og_title":"Sponsors Privado - repeople","og_description":"Repeople es una organizaci\u00f3n que promueve las ventajas socio-econ\u00f3micas del teletrabajo. \u00a1Convi\u00e9rtete en Sponsor aqu\u00ed!","og_url":"https:\/\/www.repeople.co\/es\/sponsors-privado\/","og_site_name":"repeople","article_publisher":"https:\/\/www.facebook.com\/rePeople.co\/","article_modified_time":"2024-10-16T14:35:21+00:00","twitter_card":"summary_large_image","twitter_site":"@repeopleco","twitter_misc":{"Tiempo de lectura":"2 minutos"},"schema":{"@context":"https:\/\/schema.org","@graph":[{"@type":"WebPage","@id":"https:\/\/www.repeople.co\/es\/sponsors-privado\/","url":"https:\/\/www.repeople.co\/es\/sponsors-privado\/","name":"Sponsors Privado - repeople","isPartOf":{"@id":"https:\/\/www.repeople.co\/es\/en\/#website"},"datePublished":"2020-08-08T23:43:17+00:00","dateModified":"2024-10-16T14:35:21+00:00","description":"Repeople es una organizaci\u00f3n que promueve las ventajas socio-econ\u00f3micas del teletrabajo. \u00a1Convi\u00e9rtete en Sponsor aqu\u00ed!","breadcrumb":{"@id":"https:\/\/www.repeople.co\/es\/sponsors-privado\/#breadcrumb"},"inLanguage":"es","potentialAction":[{"@type":"ReadAction","target":["https:\/\/www.repeople.co\/es\/sponsors-privado\/"]}]},{"@type":"BreadcrumbList","@id":"https:\/\/www.repeople.co\/es\/sponsors-privado\/#breadcrumb","itemListElement":[{"@type":"ListItem","position":1,"name":"Portada","item":"https:\/\/www.repeople.co\/es\/"},{"@type":"ListItem","position":2,"name":"Sponsors Privado"}]},{"@type":"WebSite","@id":"https:\/\/www.repeople.co\/es\/en\/#website","url":"https:\/\/www.repeople.co\/es\/en\/","name":"repeople","description":"Dise\u00f1ando ecosistemas para teletrabajadores","publisher":{"@id":"https:\/\/www.repeople.co\/es\/en\/#organization"},"alternateName":"repeople","potentialAction":[{"@type":"SearchAction","target":{"@type":"EntryPoint","urlTemplate":"https:\/\/www.repeople.co\/es\/en\/?s={search_term_string}"},"query-input":{"@type":"PropertyValueSpecification","valueRequired":true,"valueName":"search_term_string"}}],"inLanguage":"es"},{"@type":"Organization","@id":"https:\/\/www.repeople.co\/es\/en\/#organization","name":"repeople","alternateName":"repeople","url":"https:\/\/www.repeople.co\/es\/en\/","logo":{"@type":"ImageObject","inLanguage":"es","@id":"https:\/\/www.repeople.co\/es\/en\/#\/schema\/logo\/image\/","url":"https:\/\/www.repeople.co\/wp-content\/uploads\/2020\/08\/repeople-logo-2.png","contentUrl":"https:\/\/www.repeople.co\/wp-content\/uploads\/2020\/08\/repeople-logo-2.png","width":762,"height":220,"caption":"repeople"},"image":{"@id":"https:\/\/www.repeople.co\/es\/en\/#\/schema\/logo\/image\/"},"sameAs":["https:\/\/www.facebook.com\/rePeople.co\/","https:\/\/x.com\/repeopleco","https:\/\/www.instagram.com\/repeopleco\/","https:\/\/www.linkedin.com\/company\/repeopleco"]}]}},"_links":{"self":[{"href":"https:\/\/www.repeople.co\/es\/wp-json\/wp\/v2\/pages\/949","targetHints":{"allow":["GET"]}}],"collection":[{"href":"https:\/\/www.repeople.co\/es\/wp-json\/wp\/v2\/pages"}],"about":[{"href":"https:\/\/www.repeople.co\/es\/wp-json\/wp\/v2\/types\/page"}],"author":[{"embeddable":true,"href":"https:\/\/www.repeople.co\/es\/wp-json\/wp\/v2\/users\/2"}],"replies":[{"embeddable":true,"href":"https:\/\/www.repeople.co\/es\/wp-json\/wp\/v2\/comments?post=949"}],"version-history":[{"count":8,"href":"https:\/\/www.repeople.co\/es\/wp-json\/wp\/v2\/pages\/949\/revisions"}],"predecessor-version":[{"id":14302,"href":"https:\/\/www.repeople.co\/es\/wp-json\/wp\/v2\/pages\/949\/revisions\/14302"}],"wp:attachment":[{"href":"https:\/\/www.repeople.co\/es\/wp-json\/wp\/v2\/media?parent=949"}],"curies":[{"name":"wp","href":"https:\/\/api.w.org\/{rel}","templated":true}]}}